{"id":7606,"date":"2023-04-04T13:57:55","date_gmt":"2023-04-04T13:57:55","guid":{"rendered":"http:\/\/sanatkampi.com\/?page_id=7606"},"modified":"2023-04-04T13:57:55","modified_gmt":"2023-04-04T13:57:55","slug":"x","status":"publish","type":"page","link":"https:\/\/sanatkampi.com\/en\/x\/","title":{"rendered":"x"},"content":{"rendered":"<ol>\n<li><div class=\"gap-element\" style=\"display:block; height:auto; padding-top:40px\" class=\"clearfix\"><\/div><\/li>\n<\/ol>\n<h1 class=\"entry-title\">F\u0130YAT &amp; REZERVASYON<\/h1>\n<div class=\"text-center\"><div class=\"is-divider divider clearfix\" style=\"margin-top:3px;margin-bottom:3px;\"><\/div><\/div><!-- .divider -->\n<div class=\"gap-element\" style=\"display:block; height:auto; padding-top:40px\" class=\"clearfix\"><\/div>\n<div class=\"row row-collapse row-full-width align-middle\"  id=\"row-415070402\">\n<div class=\"col medium-6 small-6 large-6\"  ><div class=\"col-inner text-center\" style=\"padding:0px 0px 0px 0px;\" >\n<div class=\"slider-wrapper relative \" id=\"slider-233322150\" >\n    <div class=\"slider slider-nav-circle slider-nav-large slider-nav-light slider-style-normal\"\n        data-flickity-options='{\n            \"cellAlign\": \"center\",\n            \"imagesLoaded\": true,\n            \"lazyLoad\": 1,\n            \"freeScroll\": false,\n            \"wrapAround\": true,\n            \"autoPlay\": 4000,\n            \"pauseAutoPlayOnHover\" : false,\n            \"prevNextButtons\": false,\n            \"contain\" : true,\n            \"adaptiveHeight\" : true,\n            \"dragThreshold\" : 5,\n            \"percentPosition\": true,\n            \"pageDots\": false,\n            \"rightToLeft\": false,\n            \"draggable\": true,\n            \"selectedAttraction\": 0.1,\n            \"parallax\" : 0,\n            \"friction\": 0.6        }'\n        >\n        \n    <div class=\"img has-hover x md-x lg-x y md-y lg-y\" id=\"image_1074561641\">\n                <div class=\"img-inner image-cover dark\" style=\"padding-top:100%;\">\n        <img loading=\"lazy\" decoding=\"async\" width=\"1000\" height=\"667\" src=\"https:\/\/sanatkampi.com\/wp-content\/uploads\/2017\/03\/s-133.jpg\" class=\"attachment-large size-large\" alt=\"\" srcset=\"https:\/\/sanatkampi.com\/wp-content\/uploads\/2017\/03\/s-133.jpg 1000w, https:\/\/sanatkampi.com\/wp-content\/uploads\/2017\/03\/s-133-600x400.jpg 600w, https:\/\/sanatkampi.com\/wp-content\/uploads\/2017\/03\/s-133-768x512.jpg 768w\" sizes=\"auto, (max-width: 1000px) 100vw, 1000px\" \/>                \n            <\/div>\n                   \n<style scope=\"scope\">\n\n<\/style>\n    <\/div>\n    \n    <div class=\"img has-hover x md-x lg-x y md-y lg-y\" id=\"image_8023795\">\n                <div class=\"img-inner image-cover dark\" style=\"padding-top:100%;\">\n        <img loading=\"lazy\" decoding=\"async\" width=\"1000\" height=\"667\" src=\"https:\/\/sanatkampi.com\/wp-content\/uploads\/2017\/04\/fiyatrez.jpg\" class=\"attachment-large size-large\" alt=\"\" srcset=\"https:\/\/sanatkampi.com\/wp-content\/uploads\/2017\/04\/fiyatrez.jpg 1000w, https:\/\/sanatkampi.com\/wp-content\/uploads\/2017\/04\/fiyatrez-600x400.jpg 600w, https:\/\/sanatkampi.com\/wp-content\/uploads\/2017\/04\/fiyatrez-768x512.jpg 768w\" sizes=\"auto, (max-width: 1000px) 100vw, 1000px\" \/>                \n            <\/div>\n                   \n<style scope=\"scope\">\n\n<\/style>\n    <\/div>\n    \n    <div class=\"img has-hover x md-x lg-x y md-y lg-y\" id=\"image_578701155\">\n                <div class=\"img-inner image-cover dark\" style=\"padding-top:100%;\">\n        <img loading=\"lazy\" decoding=\"async\" width=\"1000\" height=\"667\" src=\"https:\/\/sanatkampi.com\/wp-content\/uploads\/2017\/03\/IMG_4998b.jpg\" class=\"attachment-large size-large\" alt=\"\" srcset=\"https:\/\/sanatkampi.com\/wp-content\/uploads\/2017\/03\/IMG_4998b.jpg 1000w, https:\/\/sanatkampi.com\/wp-content\/uploads\/2017\/03\/IMG_4998b-600x400.jpg 600w, https:\/\/sanatkampi.com\/wp-content\/uploads\/2017\/03\/IMG_4998b-768x512.jpg 768w\" sizes=\"auto, (max-width: 1000px) 100vw, 1000px\" \/>                \n            <\/div>\n                   \n<style scope=\"scope\">\n\n<\/style>\n    <\/div>\n    \n    <div class=\"img has-hover x md-x lg-x y md-y lg-y\" id=\"image_1145351791\">\n                <div class=\"img-inner image-cover dark\" style=\"padding-top:100%;\">\n        <img loading=\"lazy\" decoding=\"async\" width=\"1020\" height=\"680\" src=\"https:\/\/sanatkampi.com\/wp-content\/uploads\/2017\/03\/IMG_9033.jpg\" class=\"attachment-large size-large\" alt=\"\" srcset=\"https:\/\/sanatkampi.com\/wp-content\/uploads\/2017\/03\/IMG_9033.jpg 1100w, https:\/\/sanatkampi.com\/wp-content\/uploads\/2017\/03\/IMG_9033-600x400.jpg 600w, https:\/\/sanatkampi.com\/wp-content\/uploads\/2017\/03\/IMG_9033-768x512.jpg 768w\" sizes=\"auto, (max-width: 1020px) 100vw, 1020px\" \/>                \n            <\/div>\n                   \n<style scope=\"scope\">\n\n<\/style>\n    <\/div>\n    \n    <div class=\"img has-hover x md-x lg-x y md-y lg-y\" id=\"image_161610797\">\n                <div class=\"img-inner image-cover dark\" style=\"padding-top:100%;\">\n        <img loading=\"lazy\" decoding=\"async\" width=\"534\" height=\"800\" src=\"https:\/\/sanatkampi.com\/wp-content\/uploads\/2017\/03\/s-2-1-534x800.jpg\" class=\"attachment-large size-large\" alt=\"\" srcset=\"https:\/\/sanatkampi.com\/wp-content\/uploads\/2017\/03\/s-2-1-534x800.jpg 534w, https:\/\/sanatkampi.com\/wp-content\/uploads\/2017\/03\/s-2-1-267x400.jpg 267w, https:\/\/sanatkampi.com\/wp-content\/uploads\/2017\/03\/s-2-1.jpg 667w\" sizes=\"auto, (max-width: 534px) 100vw, 534px\" \/>                \n            <\/div>\n                   \n<style scope=\"scope\">\n\n<\/style>\n    <\/div>\n    \n     <\/div>\n\n     <div class=\"loading-spin dark large centered\"><\/div>\n\n     <style scope=\"scope\">\n             <\/style>\n<\/div><!-- .ux-slider-wrapper -->\n\n\n<\/div><\/div>\n<div class=\"col medium-6 small-6 large-6\"  ><div class=\"col-inner text-left\" style=\"padding:5% 5% 5% 5%;\" >\n<table>\n<tbody>\n<tr>\n<td width=\"302\">Kendi \u00e7ad\u0131r\u0131nda konaklama:<\/p>\n<p>(uyku tulumunuzu ve mat\u0131n\u0131z\u0131 unutmay\u0131n :))<\/td>\n<td width=\"302\">\u00a0 <del><span style=\"color: #ff0000;\">\u00a06<\/span><span style=\"color: #ff0000;\">950<\/span>\u00a0<\/del> 5950 TL (\u00d6\u011frenci 5450 TL)<\/td>\n<\/tr>\n<tr>\n<td width=\"302\">Kamp\u0131n \u00e7ad\u0131r\u0131nda veya \u00e7ardaklar\u0131nda konaklama:<\/p>\n<p>(\u00c7ardaklar ve \u00e7ad\u0131rlar sadece size ait.)<\/td>\n<td width=\"302\">\u00a0<del> <span style=\"color: #ff0000;\">7950<\/span>\u00a0<\/del> 6950TL (\u00d6\u011frenci 6450 TL)<\/td>\n<\/tr>\n<tr>\n<td width=\"302\">Pansiyon \/ Ah\u015fap bungalov konaklama:<\/p>\n<p>(\u00d6zel banyo, tuvalet.)<\/p>\n<p>Odalar iki veya \u00fc\u00e7 ki\u015fi ile payla\u015f\u0131ml\u0131d\u0131r.<\/p>\n<p>Yaln\u0131z konaklamak isterseniz fiyat fark\u0131 2000 TL\u2019dir.<\/td>\n<td width=\"302\">\u00a0 <del><span style=\"color: #ff0000;\">\u00a08<\/span><span style=\"color: #ff0000;\">950<\/span>\u00a0<\/del> 7950 TL (\u00d6\u011frenci 7450 TL)<\/td>\n<\/tr>\n<tr>\n<td width=\"302\"><\/td>\n<td width=\"302\"><\/td>\n<\/tr>\n<\/tbody>\n<\/table>\n<\/div><\/div>\n\n<style scope=\"scope\">\n\n<\/style>\n<\/div>\n<div class=\"gap-element\" style=\"display:block; height:auto; padding-top:50px\" class=\"clearfix\"><\/div>\n<div class=\"row\"  id=\"row-559814637\">\n<p>Birer haftal\u0131k konaklama fiyat\u0131na dahil olanlar: Sabah kahvalt\u0131s\u0131, \u00f6\u011fle ve ak\u015fam yemekleri (\u00e7ay, su dahil), at\u00f6lye \u00e7al\u0131\u015fmalar\u0131 ve malzemeleri, kamp program\u0131na gore \u00e7evredeki \u00f6ren yerleri, koylar ve plajlara yap\u0131lan geziler,\u00a0 tekne gezisi (\u00d6l\u00fcdeniz, Kelebekler Vadisi, St. Nicholas Adas\u0131, Mavi Ma\u011fara ve di\u011fer koylar&#8230;) fiyata dahildir.<\/p>\n<p>* Yo\u011funluktan dolay\u0131 erken rezervasyon yap\u0131lmas\u0131 gerekmektedir.<br \/>\n6-12 Ya\u015f aras\u0131 \u00e7ocuklar i\u00e7in %50<br \/>\nErtesi hafta da kalmak isteyenlere %15 indirim uygulan\u0131yor.<\/p>\n<p><span style=\"color: #ff0000;\"><em>*Belirtilen fiyatlar 20 Nisan tarihine kadar ge\u00e7erli olup, s\u0131n\u0131rl\u0131 kontenjanda <b>~<\/b>%15(1000 TL) indirimli erken rezervasyon fiyatlar\u0131d\u0131r.<\/em><\/span><\/p>\n<p>*\u00d6deme Kredi kart\u0131 ile taksitli olarak da yap\u0131labilmektedir.<\/p>\n<p>*\u00d6deme ve \u0130ptal Ko\u015fullar\u0131 : Kat\u0131l\u0131m tarihine iki hafta kalana kadar yap\u0131lan iptallerde kay\u0131t \u00fccretinin tamam\u0131 ,\u00fc\u00e7 g\u00fcn \u00f6ncesine kadar yap\u0131lan iptallerde %50&#8217;si iade edilir. Daha sonraki g\u00fcnlerde yap\u0131lan iptallerde herhangi bir iade s\u00f6z konusu de\u011fildir.<\/p>\n<div class=\"col small-12 large-12\"  ><div class=\"col-inner\"  >\n<div class=\"gap-element\" style=\"display:block; height:auto; padding-top:30px\" class=\"clearfix\"><\/div>\n\n<div class=\"wpcf7 no-js\" id=\"wpcf7-f1651-o1\" lang=\"en-US\" dir=\"ltr\" data-wpcf7-id=\"1651\">\n<div class=\"screen-reader-response\"><p role=\"status\" aria-live=\"polite\" aria-atomic=\"true\"><\/p> <ul><\/ul><\/div>\n<form action=\"\/en\/wp-json\/wp\/v2\/pages\/7606#wpcf7-f1651-o1\" method=\"post\" class=\"wpcf7-form init\" aria-label=\"Contact form\" novalidate=\"novalidate\" data-status=\"init\">\n<fieldset class=\"hidden-fields-container\"><input type=\"hidden\" name=\"_wpcf7\" value=\"1651\" \/><input type=\"hidden\" name=\"_wpcf7_version\" value=\"6.1.5\" \/><input type=\"hidden\" name=\"_wpcf7_locale\" value=\"en_US\" \/><input type=\"hidden\" name=\"_wpcf7_unit_tag\" value=\"wpcf7-f1651-o1\" \/><input type=\"hidden\" name=\"_wpcf7_container_post\" value=\"0\" \/><input type=\"hidden\" name=\"_wpcf7_posted_data_hash\" value=\"\" \/><input type=\"hidden\" name=\"_wpcf7_recaptcha_response\" value=\"\" \/>\n<\/fieldset>\n<p><span class=\"wpcf7-form-control-wrap\" data-name=\"date-161\"><input class=\"wpcf7-form-control wpcf7-date wpcf7-validates-as-date\" min=\"2026-01-01\" aria-invalid=\"false\" value=\"2026-03-12\" type=\"date\" name=\"date-161\" \/><\/span>\n<\/p>\n<p><span class=\"wpcf7-form-control-wrap\" data-name=\"Ad\"><input size=\"40\" maxlength=\"400\" class=\"wpcf7-form-control wpcf7-text wpcf7-validates-as-required\" aria-required=\"true\" aria-invalid=\"false\" placeholder=\"Ad Soyad (gerekli)\" value=\"\" type=\"text\" name=\"Ad\" \/><\/span><br \/>\n<span class=\"wpcf7-form-control-wrap\" data-name=\"Email\"><input size=\"40\" maxlength=\"400\" class=\"wpcf7-form-control wpcf7-email wpcf7-validates-as-required wpcf7-text wpcf7-validates-as-email\" aria-required=\"true\" aria-invalid=\"false\" placeholder=\"Email adresiniz (gerekli)\" value=\"\" type=\"email\" name=\"Email\" \/><\/span><br \/>\n<span class=\"wpcf7-form-control-wrap\" data-name=\"Telefon\"><input size=\"40\" maxlength=\"400\" class=\"wpcf7-form-control wpcf7-text wpcf7-validates-as-required\" aria-required=\"true\" aria-invalid=\"false\" placeholder=\"Telefon (gerekli)\" value=\"\" type=\"text\" name=\"Telefon\" \/><\/span><br \/>\n<span class=\"wpcf7-form-control-wrap\" data-name=\"Birthdate\"><input size=\"40\" maxlength=\"400\" class=\"wpcf7-form-control wpcf7-text wpcf7-validates-as-required\" aria-required=\"true\" aria-invalid=\"false\" placeholder=\"Do\u011fum Tarihi\" value=\"\" type=\"text\" name=\"Birthdate\" \/><\/span><br \/>\n<span class=\"wpcf7-form-control-wrap\" data-name=\"Konaklama\"><select class=\"wpcf7-form-control wpcf7-select wpcf7-validates-as-required\" aria-required=\"true\" aria-invalid=\"false\" name=\"Konaklama\"><option value=\"Konaklama T\u00fcr\u00fc Se\u00e7iniz\">Konaklama T\u00fcr\u00fc Se\u00e7iniz<\/option><option value=\"Kendi \u00e7ad\u0131r\u0131nda konaklama\">Kendi \u00e7ad\u0131r\u0131nda konaklama<\/option><option value=\"Kamp\u0131n \u00e7ad\u0131r\u0131nda konaklama\">Kamp\u0131n \u00e7ad\u0131r\u0131nda konaklama<\/option><option value=\"Kamp \u00e7arda\u011f\u0131 \/ Karavan\u0131nda konaklama\">Kamp \u00e7arda\u011f\u0131 \/ Karavan\u0131nda konaklama<\/option><option value=\"Pansiyon konaklama\">Pansiyon konaklama<\/option><option value=\"Minik oda\">Minik oda<\/option><\/select><\/span><br \/>\n<span class=\"wpcf7-form-control-wrap\" data-name=\"Donem\"><select class=\"wpcf7-form-control wpcf7-select wpcf7-validates-as-required\" aria-required=\"true\" aria-invalid=\"false\" name=\"Donem\"><option value=\"Kamp D\u00f6nemini Se\u00e7iniz\">Kamp D\u00f6nemini Se\u00e7iniz<\/option><option value=\"12-18 Temmuz\">12-18 Temmuz<\/option><option value=\"19-25 Temmuz\">19-25 Temmuz<\/option><option value=\"26 Temmuz - 01 A\u011fustos\">26 Temmuz - 01 A\u011fustos<\/option><option value=\"02-08 A\u011fustos\">02-08 A\u011fustos<\/option><option value=\"09-15 A\u011fustos\">09-15 A\u011fustos<\/option><option value=\"16-22 A\u011fustos\">16-22 A\u011fustos<\/option><option value=\"23-29 A\u011fustos\">23-29 A\u011fustos<\/option><option value=\"30 A\u011fustos - 05 Eyl\u00fcl\">30 A\u011fustos - 05 Eyl\u00fcl<\/option><\/select><\/span>\n<\/p>\n<p><span class=\"wpcf7-form-control-wrap\" data-name=\"number-818\"><input class=\"wpcf7-form-control wpcf7-number wpcf7-validates-as-required wpcf7-validates-as-number\" min=\"1\" max=\"20\" aria-required=\"true\" aria-invalid=\"false\" placeholder=\"Ka\u00e7 Ki\u015fi: 1(single)- 2 - 3 - 4 +\" value=\"\" type=\"number\" name=\"number-818\" \/><\/span>\n<\/p>\n<p><span class=\"wpcf7-form-control-wrap\" data-name=\"Notlar\"><textarea cols=\"40\" rows=\"10\" maxlength=\"2000\" class=\"wpcf7-form-control wpcf7-textarea\" aria-invalid=\"false\" placeholder=\"Ek Notlar (Beraber konaklayaca\u011f\u0131n\u0131z arkada\u015f\u0131n\u0131z\u0131n ad\u0131, oda tercihiniz, merak ettikleriniz vb.)\" name=\"Notlar\"><\/textarea><\/span>\n<\/p>\n<p><input class=\"wpcf7-form-control wpcf7-submit has-spinner button\" type=\"submit\" value=\"G\u00f6nder\" \/>\n<\/p><div class=\"wpcf7-response-output\" aria-hidden=\"true\"><\/div>\n<\/form>\n<\/div>\n\n<\/div><\/div>\n<\/div>\n<div class=\"gap-element\" style=\"display:block; height:auto; padding-top:60px\" class=\"clearfix\"><\/div>\n  <section class=\"section dark has-mask mask-arrow\" id=\"section_622953671\">\n      <div class=\"bg section-bg fill bg-fill  \" >\n\n        \n        <div class=\"section-bg-overlay absolute fill\"><\/div>\n        \n        \n        \n        \n\t<div class=\"is-border\"\n\t\tstyle=\"border-color:rgb(235, 235, 235);border-width:1px 0px 0px 0px;\">\n\t<\/div>\n\n      <\/div><!-- .section-bg -->\n\n      <div class=\"section-content relative\">\n        \n<div class=\"row\"  id=\"row-678631740\">\n<div class=\"col small-12 large-12\"  ><div class=\"col-inner text-center text-shadow-2\"  >\n<h2 class=\"uppercase\">kayak\u00f6y sanat kamp\u0131<\/h2>\n<p>2011 y\u0131l\u0131nda kamp\u0131m\u0131z ve y\u00f6remizde \u00e7ekilen videomuzu izlemek i\u00e7in t\u0131klayabilirsiniz.<\/p>\n<div class=\"video-button-wrapper\" style=\"font-size:160%\"><a href=\"https:\/\/www.youtube.com\/watch?v=f1UgyZbli_8\" class=\"button open-video icon circle is-outline is-xlarge\"><i class=\"icon-play\" style=\"font-size:1.5em;\"><\/i><\/a><\/div>\n<\/div><\/div>\n\n<style scope=\"scope\">\n\n#row-678631740 > .col > .col-inner {\n  padding: 50px 2% 0px 2%;\n}\n<\/style>\n<\/div>\n      <\/div><!-- .section-content -->\n\n      \n<style scope=\"scope\">\n\n#section_622953671 {\n  padding-top: 59px;\n  padding-bottom: 59px;\n  min-height: 300px;\n  background-color: rgb(0, 0, 0);\n}\n#section_622953671 .section-bg-overlay {\n  background-color: rgba(0, 0, 0, 0.25);\n}\n#section_622953671 .section-bg.bg-loaded {\n  background-image: url(https:\/\/sanatkampi.com\/wp-content\/uploads\/2017\/03\/MG_2290.jpg);\n}\n<\/style>\n  <\/section>\n  \n  <section class=\"section\" id=\"section_831934114\">\n      <div class=\"bg section-bg fill bg-fill  \" >\n\n        \n        <div class=\"section-bg-overlay absolute fill\"><\/div>\n        \n        \n        \n        \n\n      <\/div><!-- .section-bg -->\n\n      <div class=\"section-content relative\">\n        \n<div class=\"row row-full-width align-middle align-center\"  id=\"row-1645392157\">\n<div class=\"col medium-8 small-12 large-8\"  ><div class=\"col-inner text-center\"  >\n<h2 class=\"uppercase\">HABER L\u0130STES\u0130<\/h2>\n<h3 class=\"thin-font\">Bizden haber almak i\u00e7in haber listemize kay\u0131t olabilirsiniz.<\/h3>\n\n<div class=\"wpcf7 no-js\" id=\"wpcf7-f1148-o2\" lang=\"en-US\" dir=\"ltr\" data-wpcf7-id=\"1148\">\n<div class=\"screen-reader-response\"><p role=\"status\" aria-live=\"polite\" aria-atomic=\"true\"><\/p> <ul><\/ul><\/div>\n<form action=\"\/en\/wp-json\/wp\/v2\/pages\/7606#wpcf7-f1148-o2\" method=\"post\" class=\"wpcf7-form init\" aria-label=\"Contact form\" novalidate=\"novalidate\" data-status=\"init\">\n<fieldset class=\"hidden-fields-container\"><input type=\"hidden\" name=\"_wpcf7\" value=\"1148\" \/><input type=\"hidden\" name=\"_wpcf7_version\" value=\"6.1.5\" \/><input type=\"hidden\" name=\"_wpcf7_locale\" value=\"en_US\" \/><input type=\"hidden\" name=\"_wpcf7_unit_tag\" value=\"wpcf7-f1148-o2\" \/><input type=\"hidden\" name=\"_wpcf7_container_post\" value=\"0\" \/><input type=\"hidden\" name=\"_wpcf7_posted_data_hash\" value=\"\" \/><input type=\"hidden\" name=\"_wpcf7_recaptcha_response\" value=\"\" \/>\n<\/fieldset>\n<div class=\"flex-row form-flat medium-flex-wrap\">\n\t<div class=\"flex-col flex-grow\">\n\t\t<p><span class=\"wpcf7-form-control-wrap\" data-name=\"Email\"><input size=\"40\" maxlength=\"400\" class=\"wpcf7-form-control wpcf7-email wpcf7-validates-as-required wpcf7-text wpcf7-validates-as-email\" aria-required=\"true\" aria-invalid=\"false\" placeholder=\"Email adresi (gerekli)\" value=\"\" type=\"email\" name=\"Email\" \/><\/span>\n\t\t<\/p>\n\t<\/div>\n\t<div class=\"flex-col ml-half\">\n\t\t<p><input class=\"wpcf7-form-control wpcf7-submit has-spinner button\" type=\"submit\" value=\"\u00dcye ol\" \/>\n\t\t<\/p>\n\t<\/div>\n<\/div><div class=\"wpcf7-response-output\" aria-hidden=\"true\"><\/div>\n<\/form>\n<\/div>\n\n<\/div><\/div>\n\n<style scope=\"scope\">\n\n#row-1645392157 > .col > .col-inner {\n  padding: 40px 40px 40px 40px;\n}\n<\/style>\n<\/div>\n      <\/div><!-- .section-content -->\n\n      \n<style scope=\"scope\">\n\n#section_831934114 {\n  padding-top: 30px;\n  padding-bottom: 30px;\n  background-color: rgb(255,255,255);\n}\n#section_831934114 .section-bg-overlay {\n  background-color: rgba(31, 29, 29, 0);\n}\n#section_831934114 .section-bg.bg-loaded {\n  background-image: url(https:\/\/sanatkampi.com\/wp-content\/uploads\/2017\/03\/exp31-1.jpg);\n}\n<\/style>\n  <\/section>\n  \n","protected":false},"excerpt":{"rendered":"<p>F\u0130YAT &amp; REZERVASYON<\/p>\n","protected":false},"author":3,"featured_media":0,"parent":0,"menu_order":0,"comment_status":"closed","ping_status":"closed","template":"","meta":{"footnotes":""},"class_list":["post-7606","page","type-page","status-publish","hentry"],"translation":{"provider":"WPGlobus","version":"3.0.2","language":"en","enabled_languages":["tr","en"],"languages":{"tr":{"title":true,"content":true,"excerpt":false},"en":{"title":false,"content":false,"excerpt":false}}},"_links":{"self":[{"href":"https:\/\/sanatkampi.com\/en\/wp-json\/wp\/v2\/pages\/7606","targetHints":{"allow":["GET"]}}],"collection":[{"href":"https:\/\/sanatkampi.com\/en\/wp-json\/wp\/v2\/pages"}],"about":[{"href":"https:\/\/sanatkampi.com\/en\/wp-json\/wp\/v2\/types\/page"}],"author":[{"embeddable":true,"href":"https:\/\/sanatkampi.com\/en\/wp-json\/wp\/v2\/users\/3"}],"replies":[{"embeddable":true,"href":"https:\/\/sanatkampi.com\/en\/wp-json\/wp\/v2\/comments?post=7606"}],"version-history":[{"count":2,"href":"https:\/\/sanatkampi.com\/en\/wp-json\/wp\/v2\/pages\/7606\/revisions"}],"predecessor-version":[{"id":7789,"href":"https:\/\/sanatkampi.com\/en\/wp-json\/wp\/v2\/pages\/7606\/revisions\/7789"}],"wp:attachment":[{"href":"https:\/\/sanatkampi.com\/en\/wp-json\/wp\/v2\/media?parent=7606"}],"curies":[{"name":"wp","href":"https:\/\/api.w.org\/{rel}","templated":true}]}}